{"id":2243233,"date":"2025-06-20T17:12:11","date_gmt":"2025-06-20T17:12:11","guid":{"rendered":"https:\/\/teguar.com\/eu\/industrielle-edge-ki-computer\/"},"modified":"2025-11-12T19:02:00","modified_gmt":"2025-11-12T19:02:00","slug":"industrielle-edge-ki-computer","status":"publish","type":"page","link":"https:\/\/teguar.com\/eu\/de\/industrielle-edge-ki-computer\/","title":{"rendered":"Industrielle Edge-KI-Computer"},"content":{"rendered":"\n\n    <section class=\"content-with-side-media\">\n        <div class=\"container\">\n            <div class=\"text wysiwyg\">\n                                    <p>Edge-KI-Computer sind spezialisierte <a href=\"https:\/\/teguar.com\/eu\/de\/industrie-computer\/\">industrielle Computersysteme<\/a>, die die Leistungsf\u00e4higkeit k\u00fcnstlicher Intelligenz (KI) und maschinellen Lernens (ML) direkt an die Quelle der Datengenerierung am \u201eRand\u201c des Netzwerks bringen, beispielsweise in Fabrikhallen, Produktionslinien und entfernten Betriebsst\u00e4tten. Diese lokalisierte Verarbeitungsf\u00e4higkeit von <a href=\"\/eu\/de\/embedded-pcs\/\">eingebetteten Computern<\/a> oder <a href=\"\/eu\/de\/panel-pcs\/\">Panel-PCs<\/a> ist f\u00fcr industrielle Umgebungen von entscheidender Bedeutung, in denen Echtzeit-Entscheidungen, minimale Latenzzeiten, verbesserter Datenschutz und robuster Betrieb unter rauen Bedingungen von gr\u00f6\u00dfter Wichtigkeit sind. Durch die Verarbeitung der Daten vor Ort reduziert Edge-KI die Notwendigkeit, gro\u00dfe Mengen an Rohdaten an zentrale Cloud-Server zu \u00fcbertragen, wodurch Bandbreite gespart, die Reaktionszeiten f\u00fcr kritische Anwendungen verbessert und ein kontinuierlicher Betrieb auch in Gebieten mit begrenzter oder unterbrochener Konnektivit\u00e4t gew\u00e4hrleistet wird.<\/p>\n<p>Die Notwendigkeit von Edge-KI in industriellen Umgebungen ergibt sich aus den strengen Anforderungen moderner Betriebsabl\u00e4ufe. Herk\u00f6mmliche cloudbasierte KI-L\u00f6sungen f\u00fchren h\u00e4ufig zu inakzeptablen Latenzzeiten bei zeitkritischen Aufgaben wie der Robotersteuerung oder der sofortigen Fehlererkennung. Dar\u00fcber hinaus wirft die \u00dcbertragung gro\u00dfer Mengen sensibler Betriebsdaten an externe Server Bedenken hinsichtlich der Datensicherheit und der Einhaltung von Datenschutzbestimmungen auf. Edge-KI begegnet diesen Herausforderungen, indem sie autonome, intelligente Entscheidungen direkt am Ort des Geschehens erm\u00f6glicht, die betriebliche Effizienz steigert, die mit der Daten\u00fcbertragung verbundenen Kosten senkt und die Cybersicherheit verbessert. Teguar versteht diese besonderen Herausforderungen denen Industriekunden gegen\u00fcberstehen und bietet eine umfassende Palette robuster, leistungsstarker Edge-KI-Computing-L\u00f6sungen. Diese wurden speziell f\u00fcr anspruchsvolle Umgebungen entwickelt und bilden die erforderliche und zuverl\u00e4ssige Grundlage, um das volle Potenzial der KI-gesteuerten industriellen Transformation auszusch\u00f6pfen.<\/p>\n                            <\/div>\n\n            <div class=\"media\">\n                        <div class=\"video-wrapper\">\n            <iframe loading=\"lazy\"\n                width=\"560\"\n                height=\"315\"\n                src=\"https:\/\/www.youtube.com\/embed\/ulFlK8RZxvg\"\n                frameborder=\"0\"\n                allow=\"accelerometer; autoplay; clipboard-write; encrypted-media; gyroscope; picture-in-picture\"\n                allowfullscreen><\/iframe>\n        <\/div>\n                <\/div>\n        <\/div>\n    <\/section>\n\n\n\n<h2 class=\"wp-block-heading has-text-align-center\" id=\"h-vorgestellte-industrial-edge-ki-computer\">Vorgestellte Industrial Edge KI-Computer<\/h2>\n\n\n\n<section class=\"featured-products\">\n    <div class=\"container\">\n        <div class=\"slider-box\">\n            <a href=\"#\" class=\"arrow arrow-left\">Previous<\/a>\n            <div class=\"slider\">\n                                        <div class=\"slider-item\">\n                            \n<div class=\"product-card\" class=\"product type-product post-2243174 status-publish first instock product_cat-edge-computer product_cat-embedded-pcs product_cat-ki-computer product_cat-lufterlose-pcs product_cat-rugged-computer has-post-thumbnail taxable shipping-taxable purchasable product-type-composite\">\n    <div class=\"media\">\n                        <a href=\"https:\/\/teguar.com\/eu\/de\/product\/tb-7145-mvs\/\">\n            <img decoding=\"async\" src=\"https:\/\/teguar.com\/eu\/wp-content\/uploads\/sites\/2\/2025\/12\/All-Expansions.jpg\" width=\"150\" height=\"150\" alt=\"All-Expansions\" class=\"hero-image thumb lazy\" loading=\"lazy\" \/>        <\/a>\n    <\/div>\n    <div class=\"content\">\n        <h3>\n            <a href=\"https:\/\/teguar.com\/eu\/de\/product\/tb-7145-mvs\/\" class=\"name\">\n                TB-7145-MVS\n                            <\/a>\n        <\/h3>\n\n                    <div class=\"subtitle\">\n                Robuster KI-Plattform-PC            <\/div>\n\n        \n                    <div class=\"product-kh\">\n                <ul>\n<li>Raptor Lake Prozessor aus Intels 13. Generation<\/li>\n<li>Windows 11-Unterst\u00fctzung<\/li>\n<li>Optionale Ein-\/Ausgabe-Erweiterungen<\/li>\n<li>PCIe-Slot-Erweiterungen (2X oder 4X) f\u00fcr die Verwendung von bis zu drei PCIe-Karten<\/li>\n<li>Inklusive Wandmontage oder einer DIN-Schienen-kompatiblen Variante<\/li>\n<li>L\u00fcfterlose, robuste Bauweise<\/li>\n<\/ul>\n            <\/div>\n        \n        <div class=\"c-footer\">\n            <a href=\"https:\/\/teguar.com\/eu\/de\/product\/tb-7145-mvs\/#get-a-quick-quote\" class=\"button button-blue button-get-a-quick-quote\" >Angebot anfordern<\/a>        <\/div>\n    <\/div>\n<\/div>\n\n                        <\/div>\n                                        <div class=\"slider-item\">\n                            \n<div class=\"product-card\" class=\"product type-product post-2243155 status-publish instock product_cat-edge-computer product_cat-embedded-pcs product_cat-ki-computer product_cat-lufterlose-pcs product_cat-rugged-computer product_cat-rugged-mini-pcs product_tag-computer-fur-die-industrielle-automatisierung product_tag-fertigungs-computer product_tag-industriecomputer-im-schnellversand product_tag-online-kaufen product_tag-schnellversand-box-pcs has-post-thumbnail taxable shipping-taxable purchasable product-type-composite\">\n    <div class=\"media\">\n                        <a href=\"https:\/\/teguar.com\/eu\/de\/product\/tb-6145\/\">\n            <img decoding=\"async\" src=\"https:\/\/teguar.com\/eu\/wp-content\/uploads\/sites\/2\/2026\/03\/TB-6145-Hero-Angle.png\" width=\"150\" height=\"150\" alt=\"TB-6145-Hero-Angle\" class=\"hero-image thumb lazy\" loading=\"lazy\" \/>        <\/a>\n    <\/div>\n    <div class=\"content\">\n        <h3>\n            <a href=\"https:\/\/teguar.com\/eu\/de\/product\/tb-6145\/\" class=\"name\">\n                TB-6145\n                            <\/a>\n        <\/h3>\n\n                    <div class=\"subtitle\">\n                KI Endpunkt &#8211; L\u00fcfterloser PC der Industrieklasse            <\/div>\n\n        \n                    <div class=\"product-kh\">\n                <ul>\n<li>Intel\u00ae Atom X7425E Prozessor oder Upgrade auf Core i3<\/li>\n<li>2,5 Gb Ethernet mit zwei LAN-Ports<\/li>\n<li>Mini PCIe f\u00fcr Wi-Fi und M.2 Key B f\u00fcr Mobilfunk<\/li>\n<li>DDR5-Speicher<\/li>\n<li>DIN-Schiene oder Wandmontage<\/li>\n<li>Erweiterte Desktop-Funktionalit\u00e4t mit zwei Display-Ports<\/li>\n<\/ul>\n            <\/div>\n        \n        <div class=\"c-footer\">\n            <a href=\"https:\/\/teguar.com\/eu\/de\/product\/tb-6145\/#get-a-quick-quote\" class=\"button button-blue button-get-a-quick-quote\" >Angebot anfordern<\/a>        <\/div>\n    <\/div>\n<\/div>\n\n                        <\/div>\n                                        <div class=\"slider-item\">\n                            \n<div class=\"product-card\" class=\"product type-product post-2247402 status-publish last instock product_cat-hmi-panel product_cat-ki-computer product_cat-panel-pcs product_tag-online-kaufen product_tag-pinnacle-series has-post-thumbnail taxable shipping-taxable purchasable product-type-composite\">\n    <div class=\"media\">\n                        <a href=\"https:\/\/teguar.com\/eu\/de\/product\/pinnacle-tp-7200-16\/\">\n            <img decoding=\"async\" src=\"https:\/\/teguar.com\/eu\/wp-content\/uploads\/sites\/2\/2025\/07\/Pinnacle_Panel_PC_TP-7200-16.jpg\" width=\"150\" height=\"150\" alt=\"Front view of Teguar&#039;s TP-7200-16 Core Ultra Panel PC with a stylized red landscape wallpaper\" class=\"hero-image thumb lazy\" loading=\"lazy\" \/>        <\/a>\n    <\/div>\n    <div class=\"content\">\n        <h3>\n            <a href=\"https:\/\/teguar.com\/eu\/de\/product\/pinnacle-tp-7200-16\/\" class=\"name\">\n                Pinnacle TP-7200-16\n                            <\/a>\n        <\/h3>\n\n                    <div class=\"subtitle\">\n                15,6&quot; Core Ultra Panel PC            <\/div>\n\n        \n                    <div class=\"product-kh\">\n                <ul>\n<li>Neuester l\u00fcfterloser Meteor Lake-Prozessor<\/li>\n<li>15,6&#8243; Display mit hoher Helligkeit und Direct Bonded Touch<\/li>\n<li>USB-C, Digital IO, HDMI-Anschl\u00fcsse, Dual M.2 NVMe <\/li>\n<li>Atemberaubend schlanker Formfaktor<\/li>\n<li>Solides Aluminium-Gussgeh\u00e4use<\/li>\n<li>Windows 11 Pro und IOT<\/li>\n<\/ul>\n            <\/div>\n        \n        <div class=\"c-footer\">\n            <a href=\"https:\/\/teguar.com\/eu\/de\/product\/pinnacle-tp-7200-16\/#get-a-quick-quote\" class=\"button button-blue button-get-a-quick-quote\" >Angebot anfordern<\/a>        <\/div>\n    <\/div>\n<\/div>\n\n                        <\/div>\n                            <\/div>\n            <a href=\"#\" class=\"arrow arrow-right\">Next<\/a>\n        <\/div>\n    <\/div>\n<\/section>\n\n\n\n\n\n<section class=\"sub-category-cards\">\n    <div class=\"container\">\n        <\/div>\n<\/section>\n\n\n\n\n<h2 class=\"wp-block-heading has-text-align-center\" id=\"h-industrielle-edge-ki-computer-kaufen\">Industrielle Edge-KI-Computer kaufen<\/h2>\n\n\n\n<section class=\"sub-category-cards section-spacing\">\n    <div class=\"container\">\n    \n<a href=\"\/eu\/de\/edge-computer\/\" \n   class=\"card\"\n    style=\"background-image: url(https:\/\/teguar.com\/eu\/wp-content\/uploads\/sites\/2\/2024\/09\/Industrial_Edge_Computer_Power_Side_Right_Angle__16138.1727104881.1280.1280.png);\">\n    <div class=\"inner-card\">\n                    <h3>Edge-Computer<\/h3>\n        \n        <div class=\"hidden-content\">\n                            <p>Robuste, leistungsstarke Edge-Computer, die speziell f\u00fcr anspruchsvolle Umgebungen entwickelt wurden.<\/p>\n                        <span>Alle ansehen<\/span>\n        <\/div>\n    <\/div>\n<\/a>\n\n\n<a href=\"\/eu\/de\/ki-computer\/\" \n   class=\"card\"\n    style=\"background-image: url(https:\/\/teguar.com\/eu\/wp-content\/uploads\/sites\/2\/2024\/09\/Rugged_AI_Platform_PC_x4_RA__96865.1726157946.1280.1280.png);\">\n    <div class=\"inner-card\">\n                    <h3>KI-Computer<\/h3>\n        \n        <div class=\"hidden-content\">\n                            <p>Die KI-Computer von Teguar eignen sich perfekt f\u00fcr Ihre industriellen Aufgaben.<\/p>\n                        <span>Alle ansehen<\/span>\n        <\/div>\n    <\/div>\n<\/a>\n\n    <\/div>\n<\/section>\n\n\n\n\n<section class=\"trustbox\">\n    <!-- TrustBox script -->\r\n<script type=\"text\/javascript\" src=\"\/\/widget.trustpilot.com\/bootstrap\/v5\/tp.widget.bootstrap.min.js\" async><\/script>\r\n<!-- End TrustBox script -->\r\n<div class=\"wysiwyg\"><h2 class=\"wp-block-heading has-text-align-center\">Kundenrezensionen<\/h2><\/div>\r\n<!-- TrustBox widget - Carousel -->\r\n<div class=\"trustpilot-widget\" data-locale=\"de-DE\" data-template-id=\"53aa8912dec7e10d38f59f36\" data-businessunit-id=\"5e83c4f75a0be6000165ae1b\" data-style-height=\"140px\" data-style-width=\"100%\" data-token=\"cdd7c87b-6bed-400a-8278-a6e96ad4cd9f\" data-tags=\"SelectedReview\">\r\n  <a href=\"https:\/\/de.trustpilot.com\/review\/teguar.com\" target=\"_blank\" rel=\"noopener\">Trustpilot<\/a>\r\n<\/div>\r\n<!-- End TrustBox widget -->\r\n<\/div>\r\n\r\n<br \/><br \/><br \/><\/section>\n\n\n\n\n<section class=\"round-cards section-spacing\">\n    <div class=\"container\">\n        <div class=\"top\">\n                            <h2>TEGUAR 360\u00ba<\/h2>\n            \n                            <p class=\"lead\">Von der Projektkonzeption bis zum langfristigen Support f\u00fcr Ihre Teguar-Computer. Teguar begleitet Sie von Anfang bis Ende.<\/p>\n                    <\/div>\n\n                    <div class=\"bottom\">\n                \n<a href=\"\/eu\/de\/kontaktieren-sie-uns\/\" class=\"card\">\n    <div class=\"media\">\n        <img decoding=\"async\" src=\"https:\/\/teguar.com\/eu\/wp-content\/uploads\/sites\/2\/2025\/06\/round-card-1.svg\" width=\"100\" height=\"100\" alt=\"\" class=\"full lazy\" loading=\"lazy\" \/><img decoding=\"async\" src=\"https:\/\/teguar.com\/eu\/wp-content\/uploads\/sites\/2\/2025\/06\/round-card-1-hover.svg\" width=\"100\" height=\"100\" alt=\"\" class=\"full lazy\" loading=\"lazy\" \/>    <\/div>\n\n            <p class=\"title\">Anfrage<\/p>\n    \n            <span class=\"button\">Schnellangebot anfordern<\/span>\n    <\/a>\n\n\n<a href=\"\/eu\/de\/oem-odm-kundenspezifische-design-dienstleistungen-fuer-industriecomputer\/\" class=\"card\">\n    <div class=\"media\">\n        <img decoding=\"async\" src=\"https:\/\/teguar.com\/eu\/wp-content\/uploads\/sites\/2\/2025\/06\/round-card-2.svg\" width=\"100\" height=\"100\" alt=\"\" class=\"full lazy\" loading=\"lazy\" \/><img decoding=\"async\" src=\"https:\/\/teguar.com\/eu\/wp-content\/uploads\/sites\/2\/2025\/06\/round-card-2-hover.svg\" width=\"100\" height=\"100\" alt=\"\" class=\"full lazy\" loading=\"lazy\" \/>    <\/div>\n\n            <p class=\"title\">Erhalten Sie eine ma\u00dfgeschneiderte Computersysteml\u00f6sung<\/p>\n    \n            <span class=\"button\">Design-Dienstleistungen<\/span>\n    <\/a>\n\n\n<a href=\"\/eu\/de\/unterstuetzen\/\" class=\"card\">\n    <div class=\"media\">\n        <img decoding=\"async\" src=\"https:\/\/teguar.com\/eu\/wp-content\/uploads\/sites\/2\/2025\/06\/round-card-3.svg\" width=\"100\" height=\"100\" alt=\"\" class=\"full lazy\" loading=\"lazy\" \/><img decoding=\"async\" src=\"https:\/\/teguar.com\/eu\/wp-content\/uploads\/sites\/2\/2025\/06\/round-card-3-hover.svg\" width=\"100\" height=\"100\" alt=\"\" class=\"full lazy\" loading=\"lazy\" \/>    <\/div>\n\n            <p class=\"title\">Holen Sie sich Hilfe von erfahrenen Servicetechnikern<\/p>\n    \n            <span class=\"button\">Support erhalten<\/span>\n    <\/a>\n\n            <\/div>\n            <\/div>\n<\/section>\n\n","protected":false},"excerpt":{"rendered":"<p>Vorgestellte Industrial Edge KI-Computer Industrielle Edge-KI-Computer kaufen<\/p>\n","protected":false},"author":3,"featured_media":0,"parent":0,"menu_order":0,"comment_status":"closed","ping_status":"closed","template":"templates\/template-content-page.php","meta":{"_acf_changed":false,"footnotes":""},"class_list":["post-2243233","page","type-page","status-publish","hentry"],"acf":[],"yoast_head":"<!-- This site is optimized with the Yoast SEO Premium plugin v26.8 (Yoast SEO v27.2) - https:\/\/yoast.com\/product\/yoast-seo-premium-wordpress\/ -->\n<title>Industrielle Edge-KI-Computer | Leistungsstarke Industrie-Computer<\/title>\n<meta name=\"description\" content=\"Kaufen Sie leistungsstarke Edge AI Computer f\u00fcr den industriellen Einsatz. Teguar bietet robuste, leistungsstarke L\u00f6sungen f\u00fcr Echtzeit-Datenverarbeitung, KI und maschinelles Lernen am Edge.\" \/>\n<meta name=\"robots\" content=\"index, follow, max-snippet:-1, max-image-preview:large, max-video-preview:-1\" \/>\n<link rel=\"canonical\" href=\"https:\/\/teguar.com\/eu\/de\/industrielle-edge-ki-computer\/\" \/>\n<meta property=\"og:locale\" content=\"de_DE\" \/>\n<meta property=\"og:type\" content=\"article\" \/>\n<meta property=\"og:title\" content=\"Industrielle Edge-KI-Computer\" \/>\n<meta property=\"og:description\" content=\"Kaufen Sie leistungsstarke Edge AI Computer f\u00fcr den industriellen Einsatz. Teguar bietet robuste, leistungsstarke L\u00f6sungen f\u00fcr Echtzeit-Datenverarbeitung, KI und maschinelles Lernen am Edge.\" \/>\n<meta property=\"og:url\" content=\"https:\/\/teguar.com\/eu\/de\/industrielle-edge-ki-computer\/\" \/>\n<meta property=\"og:site_name\" content=\"Teguar\" \/>\n<meta property=\"article:modified_time\" content=\"2025-11-12T19:02:00+00:00\" \/>\n<meta name=\"twitter:card\" content=\"summary_large_image\" \/>\n<meta name=\"twitter:label1\" content=\"Gesch\u00e4tzte Lesezeit\" \/>\n\t<meta name=\"twitter:data1\" content=\"1\u00a0Minute\" \/>\n<script type=\"application\/ld+json\" class=\"yoast-schema-graph\">{\"@context\":\"https:\/\/schema.org\",\"@graph\":[{\"@type\":\"WebPage\",\"@id\":\"https:\/\/teguar.com\/eu\/de\/industrielle-edge-ki-computer\/\",\"url\":\"https:\/\/teguar.com\/eu\/de\/industrielle-edge-ki-computer\/\",\"name\":\"Industrielle Edge-KI-Computer | Leistungsstarke Industrie-Computer\",\"isPartOf\":{\"@id\":\"https:\/\/teguar.com\/eu\/en\/#website\"},\"datePublished\":\"2025-06-20T17:12:11+00:00\",\"dateModified\":\"2025-11-12T19:02:00+00:00\",\"description\":\"Kaufen Sie leistungsstarke Edge AI Computer f\u00fcr den industriellen Einsatz. Teguar bietet robuste, leistungsstarke L\u00f6sungen f\u00fcr Echtzeit-Datenverarbeitung, KI und maschinelles Lernen am Edge.\",\"breadcrumb\":{\"@id\":\"https:\/\/teguar.com\/eu\/de\/industrielle-edge-ki-computer\/#breadcrumb\"},\"inLanguage\":\"de\",\"potentialAction\":[{\"@type\":\"ReadAction\",\"target\":[\"https:\/\/teguar.com\/eu\/de\/industrielle-edge-ki-computer\/\"]}]},{\"@type\":\"BreadcrumbList\",\"@id\":\"https:\/\/teguar.com\/eu\/de\/industrielle-edge-ki-computer\/#breadcrumb\",\"itemListElement\":[{\"@type\":\"ListItem\",\"position\":1,\"name\":\"Home\",\"item\":\"https:\/\/teguar.com\/eu\/de\/\"},{\"@type\":\"ListItem\",\"position\":2,\"name\":\"Industrielle Edge-KI-Computer\"}]},{\"@type\":\"WebSite\",\"@id\":\"https:\/\/teguar.com\/eu\/en\/#website\",\"url\":\"https:\/\/teguar.com\/eu\/en\/\",\"name\":\"Teguar\",\"description\":\"Industrial PCs, Medical Computers, and Rugged Tablets\",\"potentialAction\":[{\"@type\":\"SearchAction\",\"target\":{\"@type\":\"EntryPoint\",\"urlTemplate\":\"https:\/\/teguar.com\/eu\/en\/?s={search_term_string}\"},\"query-input\":{\"@type\":\"PropertyValueSpecification\",\"valueRequired\":true,\"valueName\":\"search_term_string\"}}],\"inLanguage\":\"de\"}]}<\/script>\n<!-- \/ Yoast SEO Premium plugin. -->","yoast_head_json":{"title":"Industrielle Edge-KI-Computer | Leistungsstarke Industrie-Computer","description":"Kaufen Sie leistungsstarke Edge AI Computer f\u00fcr den industriellen Einsatz. Teguar bietet robuste, leistungsstarke L\u00f6sungen f\u00fcr Echtzeit-Datenverarbeitung, KI und maschinelles Lernen am Edge.","robots":{"index":"index","follow":"follow","max-snippet":"max-snippet:-1","max-image-preview":"max-image-preview:large","max-video-preview":"max-video-preview:-1"},"canonical":"https:\/\/teguar.com\/eu\/de\/industrielle-edge-ki-computer\/","og_locale":"de_DE","og_type":"article","og_title":"Industrielle Edge-KI-Computer","og_description":"Kaufen Sie leistungsstarke Edge AI Computer f\u00fcr den industriellen Einsatz. Teguar bietet robuste, leistungsstarke L\u00f6sungen f\u00fcr Echtzeit-Datenverarbeitung, KI und maschinelles Lernen am Edge.","og_url":"https:\/\/teguar.com\/eu\/de\/industrielle-edge-ki-computer\/","og_site_name":"Teguar","article_modified_time":"2025-11-12T19:02:00+00:00","twitter_card":"summary_large_image","twitter_misc":{"Gesch\u00e4tzte Lesezeit":"1\u00a0Minute"},"schema":{"@context":"https:\/\/schema.org","@graph":[{"@type":"WebPage","@id":"https:\/\/teguar.com\/eu\/de\/industrielle-edge-ki-computer\/","url":"https:\/\/teguar.com\/eu\/de\/industrielle-edge-ki-computer\/","name":"Industrielle Edge-KI-Computer | Leistungsstarke Industrie-Computer","isPartOf":{"@id":"https:\/\/teguar.com\/eu\/en\/#website"},"datePublished":"2025-06-20T17:12:11+00:00","dateModified":"2025-11-12T19:02:00+00:00","description":"Kaufen Sie leistungsstarke Edge AI Computer f\u00fcr den industriellen Einsatz. Teguar bietet robuste, leistungsstarke L\u00f6sungen f\u00fcr Echtzeit-Datenverarbeitung, KI und maschinelles Lernen am Edge.","breadcrumb":{"@id":"https:\/\/teguar.com\/eu\/de\/industrielle-edge-ki-computer\/#breadcrumb"},"inLanguage":"de","potentialAction":[{"@type":"ReadAction","target":["https:\/\/teguar.com\/eu\/de\/industrielle-edge-ki-computer\/"]}]},{"@type":"BreadcrumbList","@id":"https:\/\/teguar.com\/eu\/de\/industrielle-edge-ki-computer\/#breadcrumb","itemListElement":[{"@type":"ListItem","position":1,"name":"Home","item":"https:\/\/teguar.com\/eu\/de\/"},{"@type":"ListItem","position":2,"name":"Industrielle Edge-KI-Computer"}]},{"@type":"WebSite","@id":"https:\/\/teguar.com\/eu\/en\/#website","url":"https:\/\/teguar.com\/eu\/en\/","name":"Teguar","description":"Industrial PCs, Medical Computers, and Rugged Tablets","potentialAction":[{"@type":"SearchAction","target":{"@type":"EntryPoint","urlTemplate":"https:\/\/teguar.com\/eu\/en\/?s={search_term_string}"},"query-input":{"@type":"PropertyValueSpecification","valueRequired":true,"valueName":"search_term_string"}}],"inLanguage":"de"}]}},"_links":{"self":[{"href":"https:\/\/teguar.com\/eu\/de\/wp-json\/wp\/v2\/pages\/2243233","targetHints":{"allow":["GET"]}}],"collection":[{"href":"https:\/\/teguar.com\/eu\/de\/wp-json\/wp\/v2\/pages"}],"about":[{"href":"https:\/\/teguar.com\/eu\/de\/wp-json\/wp\/v2\/types\/page"}],"author":[{"embeddable":true,"href":"https:\/\/teguar.com\/eu\/de\/wp-json\/wp\/v2\/users\/3"}],"replies":[{"embeddable":true,"href":"https:\/\/teguar.com\/eu\/de\/wp-json\/wp\/v2\/comments?post=2243233"}],"version-history":[{"count":8,"href":"https:\/\/teguar.com\/eu\/de\/wp-json\/wp\/v2\/pages\/2243233\/revisions"}],"predecessor-version":[{"id":2247681,"href":"https:\/\/teguar.com\/eu\/de\/wp-json\/wp\/v2\/pages\/2243233\/revisions\/2247681"}],"wp:attachment":[{"href":"https:\/\/teguar.com\/eu\/de\/wp-json\/wp\/v2\/media?parent=2243233"}],"curies":[{"name":"wp","href":"https:\/\/api.w.org\/{rel}","templated":true}]}}