{"id":2243220,"date":"2025-04-22T18:04:57","date_gmt":"2025-04-22T18:04:57","guid":{"rendered":"https:\/\/teguar.com\/eu\/ueber-teguar\/"},"modified":"2025-10-31T16:15:32","modified_gmt":"2025-10-31T16:15:32","slug":"ueber-teguar","status":"publish","type":"page","link":"https:\/\/teguar.com\/eu\/de\/ueber-teguar\/","title":{"rendered":"\u00dcber Teguar"},"content":{"rendered":"\n<div style=\"height:48px\" aria-hidden=\"true\" class=\"wp-block-spacer\"><\/div>\n\n<div style=\"text-align: center;\"><iframe loading=\"lazy\" width=\"560\" height=\"315\" src=\"https:\/\/www.youtube.com\/embed\/0uhTnwwyyrU?si=z3Gz4Hjg5JKRQrRb\" title=\"YouTube-Videoplayer\" frameborder=\"0\" allow=\"accelerometer; autoplay; clipboard-write; encrypted-media; gyroscope; picture-in-picture; web-share\" referrerpolicy=\"strict-origin-when-cross-origin\" allowfullscreen=\"\"><\/iframe><\/div>\n\n<h2 class=\"wp-block-heading\" id=\"h-mission-statement\">Leitbild<\/h2>\n\n<p>Wir glauben an Exzellenz. Exzellenz in der Qualit\u00e4t unserer Produkte, der Qualit\u00e4t unseres Kundenservice und der Qualit\u00e4t unseres Teams. Die Bed\u00fcrfnisse unserer Kunden haben f\u00fcr uns h\u00f6chste Priorit\u00e4t, und wir bem\u00fchen uns jeden Tag, ein Kundenerlebnis zu bieten, das seinesgleichen sucht.  <\/p>\n\n<h2 class=\"wp-block-heading\" id=\"h-who-we-are\">Wer wir sind<\/h2>\n\n<p>Teguar ist ein f\u00fchrender Anbieter von fortschrittlichen industriellen und medizinischen Computerl\u00f6sungen. Teguar Computer unterscheiden sich von Consumer-PCs, die den Massenmarkt dominieren. Unsere Industrie- und Medizincomputer wurden speziell entwickelt, um in den anspruchsvollsten Umgebungen und Anwendungen zuverl\u00e4ssig und leistungsf\u00e4hig zu funktionieren.  <\/p>\n\n<h2 class=\"wp-block-heading\" id=\"h-about-us\">\u00dcber uns<\/h2>\n\n<p>Technologie und Wirtschaft sind heute untrennbar miteinander verbunden. Das bedeutet, dass die Technologie dorthin gehen muss, wo das Gesch\u00e4ft hingeht, auch in der intensivsten Arbeitsumgebung von heute. Wir stellen Unternehmen und Fachleuten speziell entwickelte Computerhardware zur Verf\u00fcgung, die dort funktioniert, wo andere es nicht k\u00f6nnen. Damit Sie dort mehr leisten k\u00f6nnen, wo es am wichtigsten ist.  <br\/><br\/>Wir werden von unserem Engagement f\u00fcr Exzellenz und Leidenschaft f\u00fcr Design sowie von einer gro\u00dfen Investition in den Erfolg unserer Kunden geleitet. All unsere Bem\u00fchungen tragen dazu bei, eine Welt zu schaffen, in der innovative Technologie \u00fcberall dort eingesetzt werden kann, wo sie gebraucht wird &#8211; ohne Ausnahmen. <\/p>\n\n<div class=\"wp-block-columns is-layout-flex wp-container-core-columns-is-layout-9d6595d7 wp-block-columns-is-layout-flex\">\n<div class=\"wp-block-column is-layout-flow wp-block-column-is-layout-flow\">\n<figure class=\"wp-block-image size-large\"><img loading=\"lazy\" decoding=\"async\" width=\"1024\" height=\"541\" src=\"https:\/\/teguar.com\/eu\/wp-content\/uploads\/sites\/2\/2025\/07\/Teguar-Warehouse-1024x541.jpg\" alt=\"Das Lager von Teguar.\" class=\"wp-image-2241993\" srcset=\"https:\/\/teguar.com\/eu\/wp-content\/uploads\/sites\/2\/2025\/07\/Teguar-Warehouse-1024x541.jpg 1024w, https:\/\/teguar.com\/eu\/wp-content\/uploads\/sites\/2\/2025\/07\/Teguar-Warehouse-300x158.jpg 300w, https:\/\/teguar.com\/eu\/wp-content\/uploads\/sites\/2\/2025\/07\/Teguar-Warehouse-768x406.jpg 768w, https:\/\/teguar.com\/eu\/wp-content\/uploads\/sites\/2\/2025\/07\/Teguar-Warehouse-284x150.jpg 284w, https:\/\/teguar.com\/eu\/wp-content\/uploads\/sites\/2\/2025\/07\/Teguar-Warehouse-164x87.jpg 164w, https:\/\/teguar.com\/eu\/wp-content\/uploads\/sites\/2\/2025\/07\/Teguar-Warehouse-600x317.jpg 600w, https:\/\/teguar.com\/eu\/wp-content\/uploads\/sites\/2\/2025\/07\/Teguar-Warehouse.jpg 1280w\" sizes=\"auto, (max-width: 1024px) 100vw, 1024px\" \/><\/figure>\n<\/div>\n\n\n\n<div class=\"wp-block-column is-layout-flow wp-block-column-is-layout-flow\">\n<p>Bei Teguar stellen wir unsere Kunden an die erste Stelle &#8211; zuh\u00f6ren, bevor wir sprechen, jeden Kunden bei jedem Schritt begleiten. Wir streben nach &#8222;Exzellenz&#8220; bei jeder Kundeninteraktion, ob \u00fcber E-Mail, Videomeeting, Telefonanruf oder einem pers\u00f6nlichen Treffen. <strong>Unser Ziel ist es, unseren Kunden dabei zu helfen, ihr Ziel zu erreichen<\/strong>. <\/p>\n\n\n\n<p>Immer auf der Suche nach neuen Trends in der Branche, lieben die Mitarbeiter von Teguar Technologie und Design. Dieses gro\u00dfe Interesse an technologischem Fortschritt erm\u00f6glicht es uns, mit den neuesten Trends Schritt zu halten, Ver\u00e4nderungen in unseren Zielm\u00e4rkten vorherzusehen und uns schneller an die Bed\u00fcrfnisse unserer Kunden anzupassen. <\/p>\n<\/div>\n<\/div>\n\n<div class=\"wp-block-columns is-layout-flex wp-container-core-columns-is-layout-9d6595d7 wp-block-columns-is-layout-flex\">\n<div class=\"wp-block-column is-layout-flow wp-block-column-is-layout-flow\">\n<p>Teguar besch\u00e4ftigt Menschen aus der ganzen Welt und jedes Mitglied unseres multinationalen Teams bringt seine eigenen Ideen und Perspektiven ein. Wir sind uns bewusst, wie schnell unsere Welt zusammenw\u00e4chst und sind bestrebt, unser Produktangebot zu erweitern, um den sich \u00e4ndernden Anforderungen unserer Kunden gerecht zu werden. Auch wenn das \u00dcberschreiten von Grenzen und Zeitzonen eine Herausforderung sein kann, begr\u00fc\u00dft Teguar die M\u00f6glichkeit, Kunden aus der ganzen Welt bei ihren einzigartigen und spannenden Projekten zu beraten.  <\/p>\n<\/div>\n\n\n\n<div class=\"wp-block-column is-layout-flow wp-block-column-is-layout-flow\">\n<figure class=\"wp-block-image size-full\"><img loading=\"lazy\" decoding=\"async\" width=\"705\" height=\"388\" src=\"https:\/\/teguar.com\/eu\/wp-content\/uploads\/sites\/2\/2025\/07\/Swiss_American_Flag.jpg\" alt=\"Eine Flagge, die zur H&#xE4;lfte amerikanische Flagge und zur H&#xE4;lfte Schweizer Flagge ist\" class=\"wp-image-2241996\" srcset=\"https:\/\/teguar.com\/eu\/wp-content\/uploads\/sites\/2\/2025\/07\/Swiss_American_Flag.jpg 705w, https:\/\/teguar.com\/eu\/wp-content\/uploads\/sites\/2\/2025\/07\/Swiss_American_Flag-300x165.jpg 300w, https:\/\/teguar.com\/eu\/wp-content\/uploads\/sites\/2\/2025\/07\/Swiss_American_Flag-273x150.jpg 273w, https:\/\/teguar.com\/eu\/wp-content\/uploads\/sites\/2\/2025\/07\/Swiss_American_Flag-164x90.jpg 164w, https:\/\/teguar.com\/eu\/wp-content\/uploads\/sites\/2\/2025\/07\/Swiss_American_Flag-600x330.jpg 600w\" sizes=\"auto, (max-width: 705px) 100vw, 705px\" \/><\/figure>\n<\/div>\n<\/div>\n\n<h2 class=\"wp-block-heading\" id=\"h-leadership\">Leitung<\/h2>\n\n<p>Die Teguar Corporation wurde 2010 gegr\u00fcndet. Der CEO, ein geb\u00fcrtiger Schweizer, kam in die Vereinigten Staaten, um als President of US Operations f\u00fcr einen deutschen Computerhersteller zu arbeiten. Nach mehreren Jahren an der Spitze erkannte er den Bedarf an einer breiteren Palette von industriellen und medizinischen Computerl\u00f6sungen. Mit fundierten Kenntnissen der Branche, einer Leidenschaft f\u00fcr Technologie und starken Beziehungen zu Fertigungsunternehmen auf der ganzen Welt gr\u00fcndete er die Teguar Corporation.   <br\/><br\/>Seither hat Teguar ein au\u00dfergew\u00f6hnliches Wachstum erlebt, indem es amerikanische Anpassungsf\u00e4higkeit und Technologief\u00fchrerschaft mit Schweizer Pr\u00e4zision, Qualit\u00e4t und Liebe zum Detail kombiniert hat. Teguar ist ein gesundes, schnell wachsendes Unternehmen und wurde f\u00fcnfmal auf die Inc.5000-Liste gesetzt, <a href=\"https:\/\/teguar.com\/eu\/de\/teguar-reiht-sich-in-die-riege-der-fuenf-time-inc-5000-preistraeger\/\">zuletzt im Jahr 2020.<\/a> <\/p>\n\n<h2 class=\"wp-block-heading\" id=\"h-what-sets-us-apart\">Was uns auszeichnet<\/h2>\n\n<p>Alle Computer von Teguar sind mit Komponenten in Industriequalit\u00e4t ausgestattet, um einen zuverl\u00e4ssigen 24\/7-Betrieb zu gew\u00e4hrleisten. Unsere Ger\u00e4te wurden f\u00fcr den Dauereinsatz in h\u00e4rtesten Umgebungen entwickelt und verf\u00fcgen routinem\u00e4\u00dfig \u00fcber Funktionen wie l\u00fcfterlose K\u00fchlsysteme, wasserdichte IP\/NEMA-zertifizierte Geh\u00e4use und erweiterte Betriebstemperaturbereiche. Die Verwendung hochwertiger Komponenten f\u00fchrt zu niedrigeren Gesamtbetriebskosten und einer schnelleren Amortisation Ihrer Investition.  <br\/><br\/>Unser kontinuierliches Engagement f\u00fcr Qualit\u00e4t wird durch unseren Status als <a href=\"https:\/\/teguar.com\/eu\/de\/iso-qualitaetsmanagement-system\/\">ISO 9001:2015 zertifiziertes Unternehmen<\/a> belegt. Diese Zertifizierung und die daf\u00fcr erforderlichen j\u00e4hrlichen Audits bekr\u00e4ftigen den kundenorientierten Ansatz und das Engagement von Teguar, Branchenexperten die bestm\u00f6glichen Computer und den bestm\u00f6glichen Service zu bieten. <\/p>\n\n<script charset=\"utf-8\" type=\"text\/javascript\" src=\"\/\/js.hsforms.net\/forms\/embed\/v2.js\"><\/script><script>hbspt.forms.create({\n    portalId: \"21497995\",\n    formId: \"b75b2a57-f9b0-4ed6-9f9b-bce081603673\",\n    region: \"na1\"\n  });\n<\/script>\n","protected":false},"excerpt":{"rendered":"<p>Leitbild Wir glauben an Exzellenz. Exzellenz in der Qualit\u00e4t unserer Produkte, der Qualit\u00e4t unseres Kundenservice und der Qualit\u00e4t unseres Teams. Die Bed\u00fcrfnisse unserer Kunden haben f\u00fcr uns h\u00f6chste Priorit\u00e4t, und wir bem\u00fchen uns jeden Tag, ein Kundenerlebnis zu bieten, das seinesgleichen sucht. Wer wir sind Teguar ist ein f\u00fchrender Anbieter von fortschrittlichen industriellen und medizinischen [&hellip;]<\/p>\n","protected":false},"author":3,"featured_media":0,"parent":0,"menu_order":0,"comment_status":"closed","ping_status":"closed","template":"templates\/template-content-page.php","meta":{"_acf_changed":false,"footnotes":""},"class_list":["post-2243220","page","type-page","status-publish","hentry"],"acf":[],"yoast_head":"<!-- This site is optimized with the Yoast SEO Premium plugin v26.8 (Yoast SEO v27.2) - https:\/\/yoast.com\/product\/yoast-seo-premium-wordpress\/ -->\n<title>\u00dcber Teguar - Teguar<\/title>\n<meta name=\"robots\" content=\"index, follow, max-snippet:-1, max-image-preview:large, max-video-preview:-1\" \/>\n<link rel=\"canonical\" href=\"https:\/\/teguar.com\/eu\/de\/ueber-teguar\/\" \/>\n<meta property=\"og:locale\" content=\"de_DE\" \/>\n<meta property=\"og:type\" content=\"article\" \/>\n<meta property=\"og:title\" content=\"\u00dcber Teguar\" \/>\n<meta property=\"og:description\" content=\"Leitbild Wir glauben an Exzellenz. Exzellenz in der Qualit\u00e4t unserer Produkte, der Qualit\u00e4t unseres Kundenservice und der Qualit\u00e4t unseres Teams. Die Bed\u00fcrfnisse unserer Kunden haben f\u00fcr uns h\u00f6chste Priorit\u00e4t, und wir bem\u00fchen uns jeden Tag, ein Kundenerlebnis zu bieten, das seinesgleichen sucht. Wer wir sind Teguar ist ein f\u00fchrender Anbieter von fortschrittlichen industriellen und medizinischen [&hellip;]\" \/>\n<meta property=\"og:url\" content=\"https:\/\/teguar.com\/eu\/de\/ueber-teguar\/\" \/>\n<meta property=\"og:site_name\" content=\"Teguar\" \/>\n<meta property=\"article:modified_time\" content=\"2025-10-31T16:15:32+00:00\" \/>\n<meta property=\"og:image\" content=\"https:\/\/teguar.com\/eu\/wp-content\/uploads\/sites\/2\/2025\/07\/Teguar-Warehouse-1024x541.jpg\" \/>\n<meta name=\"twitter:card\" content=\"summary_large_image\" \/>\n<meta name=\"twitter:label1\" content=\"Gesch\u00e4tzte Lesezeit\" \/>\n\t<meta name=\"twitter:data1\" content=\"3\u00a0Minuten\" \/>\n<script type=\"application\/ld+json\" class=\"yoast-schema-graph\">{\"@context\":\"https:\/\/schema.org\",\"@graph\":[{\"@type\":\"WebPage\",\"@id\":\"https:\/\/teguar.com\/eu\/de\/ueber-teguar\/\",\"url\":\"https:\/\/teguar.com\/eu\/de\/ueber-teguar\/\",\"name\":\"\u00dcber Teguar - Teguar\",\"isPartOf\":{\"@id\":\"https:\/\/teguar.com\/eu\/en\/#website\"},\"primaryImageOfPage\":{\"@id\":\"https:\/\/teguar.com\/eu\/de\/ueber-teguar\/#primaryimage\"},\"image\":{\"@id\":\"https:\/\/teguar.com\/eu\/de\/ueber-teguar\/#primaryimage\"},\"thumbnailUrl\":\"https:\/\/teguar.com\/eu\/wp-content\/uploads\/sites\/2\/2025\/07\/Teguar-Warehouse-1024x541.jpg\",\"datePublished\":\"2025-04-22T18:04:57+00:00\",\"dateModified\":\"2025-10-31T16:15:32+00:00\",\"breadcrumb\":{\"@id\":\"https:\/\/teguar.com\/eu\/de\/ueber-teguar\/#breadcrumb\"},\"inLanguage\":\"de\",\"potentialAction\":[{\"@type\":\"ReadAction\",\"target\":[\"https:\/\/teguar.com\/eu\/de\/ueber-teguar\/\"]}]},{\"@type\":\"ImageObject\",\"inLanguage\":\"de\",\"@id\":\"https:\/\/teguar.com\/eu\/de\/ueber-teguar\/#primaryimage\",\"url\":\"https:\/\/teguar.com\/eu\/wp-content\/uploads\/sites\/2\/2025\/07\/Teguar-Warehouse-1024x541.jpg\",\"contentUrl\":\"https:\/\/teguar.com\/eu\/wp-content\/uploads\/sites\/2\/2025\/07\/Teguar-Warehouse-1024x541.jpg\"},{\"@type\":\"BreadcrumbList\",\"@id\":\"https:\/\/teguar.com\/eu\/de\/ueber-teguar\/#breadcrumb\",\"itemListElement\":[{\"@type\":\"ListItem\",\"position\":1,\"name\":\"Home\",\"item\":\"https:\/\/teguar.com\/eu\/de\/\"},{\"@type\":\"ListItem\",\"position\":2,\"name\":\"\u00dcber Teguar\"}]},{\"@type\":\"WebSite\",\"@id\":\"https:\/\/teguar.com\/eu\/en\/#website\",\"url\":\"https:\/\/teguar.com\/eu\/en\/\",\"name\":\"Teguar\",\"description\":\"Industrial PCs, Medical Computers, and Rugged Tablets\",\"potentialAction\":[{\"@type\":\"SearchAction\",\"target\":{\"@type\":\"EntryPoint\",\"urlTemplate\":\"https:\/\/teguar.com\/eu\/en\/?s={search_term_string}\"},\"query-input\":{\"@type\":\"PropertyValueSpecification\",\"valueRequired\":true,\"valueName\":\"search_term_string\"}}],\"inLanguage\":\"de\"}]}<\/script>\n<!-- \/ Yoast SEO Premium plugin. -->","yoast_head_json":{"title":"\u00dcber Teguar - Teguar","robots":{"index":"index","follow":"follow","max-snippet":"max-snippet:-1","max-image-preview":"max-image-preview:large","max-video-preview":"max-video-preview:-1"},"canonical":"https:\/\/teguar.com\/eu\/de\/ueber-teguar\/","og_locale":"de_DE","og_type":"article","og_title":"\u00dcber Teguar","og_description":"Leitbild Wir glauben an Exzellenz. Exzellenz in der Qualit\u00e4t unserer Produkte, der Qualit\u00e4t unseres Kundenservice und der Qualit\u00e4t unseres Teams. Die Bed\u00fcrfnisse unserer Kunden haben f\u00fcr uns h\u00f6chste Priorit\u00e4t, und wir bem\u00fchen uns jeden Tag, ein Kundenerlebnis zu bieten, das seinesgleichen sucht. Wer wir sind Teguar ist ein f\u00fchrender Anbieter von fortschrittlichen industriellen und medizinischen [&hellip;]","og_url":"https:\/\/teguar.com\/eu\/de\/ueber-teguar\/","og_site_name":"Teguar","article_modified_time":"2025-10-31T16:15:32+00:00","og_image":[{"url":"https:\/\/teguar.com\/eu\/wp-content\/uploads\/sites\/2\/2025\/07\/Teguar-Warehouse-1024x541.jpg","type":"","width":"","height":""}],"twitter_card":"summary_large_image","twitter_misc":{"Gesch\u00e4tzte Lesezeit":"3\u00a0Minuten"},"schema":{"@context":"https:\/\/schema.org","@graph":[{"@type":"WebPage","@id":"https:\/\/teguar.com\/eu\/de\/ueber-teguar\/","url":"https:\/\/teguar.com\/eu\/de\/ueber-teguar\/","name":"\u00dcber Teguar - Teguar","isPartOf":{"@id":"https:\/\/teguar.com\/eu\/en\/#website"},"primaryImageOfPage":{"@id":"https:\/\/teguar.com\/eu\/de\/ueber-teguar\/#primaryimage"},"image":{"@id":"https:\/\/teguar.com\/eu\/de\/ueber-teguar\/#primaryimage"},"thumbnailUrl":"https:\/\/teguar.com\/eu\/wp-content\/uploads\/sites\/2\/2025\/07\/Teguar-Warehouse-1024x541.jpg","datePublished":"2025-04-22T18:04:57+00:00","dateModified":"2025-10-31T16:15:32+00:00","breadcrumb":{"@id":"https:\/\/teguar.com\/eu\/de\/ueber-teguar\/#breadcrumb"},"inLanguage":"de","potentialAction":[{"@type":"ReadAction","target":["https:\/\/teguar.com\/eu\/de\/ueber-teguar\/"]}]},{"@type":"ImageObject","inLanguage":"de","@id":"https:\/\/teguar.com\/eu\/de\/ueber-teguar\/#primaryimage","url":"https:\/\/teguar.com\/eu\/wp-content\/uploads\/sites\/2\/2025\/07\/Teguar-Warehouse-1024x541.jpg","contentUrl":"https:\/\/teguar.com\/eu\/wp-content\/uploads\/sites\/2\/2025\/07\/Teguar-Warehouse-1024x541.jpg"},{"@type":"BreadcrumbList","@id":"https:\/\/teguar.com\/eu\/de\/ueber-teguar\/#breadcrumb","itemListElement":[{"@type":"ListItem","position":1,"name":"Home","item":"https:\/\/teguar.com\/eu\/de\/"},{"@type":"ListItem","position":2,"name":"\u00dcber Teguar"}]},{"@type":"WebSite","@id":"https:\/\/teguar.com\/eu\/en\/#website","url":"https:\/\/teguar.com\/eu\/en\/","name":"Teguar","description":"Industrial PCs, Medical Computers, and Rugged Tablets","potentialAction":[{"@type":"SearchAction","target":{"@type":"EntryPoint","urlTemplate":"https:\/\/teguar.com\/eu\/en\/?s={search_term_string}"},"query-input":{"@type":"PropertyValueSpecification","valueRequired":true,"valueName":"search_term_string"}}],"inLanguage":"de"}]}},"_links":{"self":[{"href":"https:\/\/teguar.com\/eu\/de\/wp-json\/wp\/v2\/pages\/2243220","targetHints":{"allow":["GET"]}}],"collection":[{"href":"https:\/\/teguar.com\/eu\/de\/wp-json\/wp\/v2\/pages"}],"about":[{"href":"https:\/\/teguar.com\/eu\/de\/wp-json\/wp\/v2\/types\/page"}],"author":[{"embeddable":true,"href":"https:\/\/teguar.com\/eu\/de\/wp-json\/wp\/v2\/users\/3"}],"replies":[{"embeddable":true,"href":"https:\/\/teguar.com\/eu\/de\/wp-json\/wp\/v2\/comments?post=2243220"}],"version-history":[{"count":5,"href":"https:\/\/teguar.com\/eu\/de\/wp-json\/wp\/v2\/pages\/2243220\/revisions"}],"predecessor-version":[{"id":2247575,"href":"https:\/\/teguar.com\/eu\/de\/wp-json\/wp\/v2\/pages\/2243220\/revisions\/2247575"}],"wp:attachment":[{"href":"https:\/\/teguar.com\/eu\/de\/wp-json\/wp\/v2\/media?parent=2243220"}],"curies":[{"name":"wp","href":"https:\/\/api.w.org\/{rel}","templated":true}]}}